{"id":5037,"date":"2025-04-17T14:03:59","date_gmt":"2025-04-17T14:03:59","guid":{"rendered":"https:\/\/moroccogatetours.com\/sobre-nosotros\/"},"modified":"2026-04-12T16:47:23","modified_gmt":"2026-04-12T16:47:23","slug":"sobre-nosotros","status":"publish","type":"page","link":"https:\/\/moroccogatetours.com\/es\/sobre-nosotros\/","title":{"rendered":"Nosotros"},"content":{"rendered":"\t\t<div data-elementor-type=\"wp-page\" data-elementor-id=\"5037\" class=\"elementor elementor-5037 elementor-170\" data-elementor-post-type=\"page\">\n\t\t\t\t\t\t<section class=\"elementor-section elementor-top-section elementor-element elementor-element-6340e6be elementor-section-boxed elementor-section-height-default elementor-section-height-default\" data-id=\"6340e6be\" data-element_type=\"section\" data-e-type=\"section\">\n\t\t\t\t\t\t<div class=\"elementor-container elementor-column-gap-default\">\n\t\t\t\t\t<div class=\"elementor-column elementor-col-50 elementor-top-column elementor-element elementor-element-875fa11\" data-id=\"875fa11\" data-element_type=\"column\" data-e-type=\"column\">\n\t\t\t<div class=\"elementor-widget-wrap elementor-element-populated\">\n\t\t\t\t\t\t<div class=\"elementor-element elementor-element-7b0a50f5 elementor-widget elementor-widget-cz_title\" data-id=\"7b0a50f5\" data-element_type=\"widget\" data-e-type=\"widget\" data-widget_type=\"cz_title.default\">\n\t\t\t\t<div class=\"elementor-widget-container\">\n\t\t\t\t\t\t\r\n\t\t<div>\r\n\t\t\t<div class=\"cz_title clr cz_mobile_text_center cz_title_pos_inline\"><div class=\"cz_title_shape shape_square cz_shape_1\"><\/div><div class=\"cz_title_shape shape_square cz_shape_2\"><\/div><div class=\"cz_title_content\"><div class=\"cz_wpe_content\"><h2><span style=\"font-weight: bold; font-size: 17px;\">Agencia Morocco Gate Tours<\/span><\/h2><\/div><\/div><\/div>\r\n\t\t<\/div>\r\n\t\t\r\n\t\t\t\t\t\t<\/div>\n\t\t\t\t<\/div>\n\t\t\t\t<div class=\"elementor-element elementor-element-5745b8d6 elementor-widget-mobile__width-initial elementor-widget elementor-widget-cz_title\" data-id=\"5745b8d6\" data-element_type=\"widget\" data-e-type=\"widget\" data-widget_type=\"cz_title.default\">\n\t\t\t\t<div class=\"elementor-widget-container\">\n\t\t\t\t\t\t\r\n\t\t<div>\r\n\t\t\t<div class=\"cz_title clr cz_mobile_text_center cz_title_pos_inline\"><div class=\"cz_title_content\"><div class=\"cz_wpe_content\"><p data-start=\"272\" data-end=\"590\">\u00a0<\/p><p>Soy bereber, nac\u00ed en el desierto, donde durante generaciones mi familia y muchas otras vivieron como n\u00f3madas, desplaz\u00e1ndose con sus animales y viviendo en tiendas bajo las estrellas. Esta forma de vida nos ense\u00f1\u00f3 a respetar la naturaleza, a vivir con poco y a valorar la libertad del desierto.<\/p><p>Pero con el paso de los a\u00f1os, muchas cosas han cambiado. Algunos de nuestros vecinos y familiares decidieron abandonar la vida n\u00f3mada y trasladarse a pueblos. Buscaban una vida m\u00e1s estable, con acceso a escuelas para sus hijos, atenci\u00f3n m\u00e9dica y nuevas oportunidades laborales. Cambiaron sus tiendas de campa\u00f1a por casas de adobe, el t\u00e9 junto al fuego por cafeter\u00edas de pueblo y los largos paseos con camellos por motos o coches.<\/p><p>Aunque abandonaron el desierto, muchos siguen llevando sus ra\u00edces en el coraz\u00f3n. Siguen celebrando las tradiciones bereberes, hablan tamazight y ense\u00f1an a sus hijos los valores de la hospitalidad, el respeto a los mayores y la conexi\u00f3n con la tierra.<\/p><p>Hoy en d\u00eda, algunos de nosotros seguimos viviendo en el desierto, acogiendo a los viajeros que quieren experimentar la vida n\u00f3mada. Otros, desde el pueblo, trabajan como gu\u00edas, cocineros o conductores. Todos nosotros, de una forma u otra, seguimos unidos por nuestras ra\u00edces y nuestra historia com\u00fan.<\/p><\/div><\/div><\/div>\r\n\t\t<\/div>\r\n\t\t\r\n\t\t\t\t\t\t<\/div>\n\t\t\t\t<\/div>\n\t\t\t\t\t<\/div>\n\t\t<\/div>\n\t\t\t\t<div class=\"elementor-column elementor-col-50 elementor-top-column elementor-element elementor-element-378dd1d2\" data-id=\"378dd1d2\" data-element_type=\"column\" data-e-type=\"column\">\n\t\t\t<div class=\"elementor-widget-wrap elementor-element-populated\">\n\t\t\t\t\t\t<div class=\"elementor-element elementor-element-6205b2f6 elementor-widget__width-initial elementor-widget elementor-widget-cz_image\" data-id=\"6205b2f6\" data-element_type=\"widget\" data-e-type=\"widget\" data-widget_type=\"cz_image.default\">\n\t\t\t\t<div class=\"elementor-widget-container\">\n\t\t\t\t\t\r\n\t\t<div class=\"cz_image clr cz_image_no_fx center_on_mobile\" data-position=\"\">\r\n\r\n\t\t\t<div>\r\n\r\n\t\t\t\t<div class=\"cz_image_in\">\r\n\r\n\t\t\t\t\t<div class=\"cz_main_image\"><img fetchpriority=\"high\" decoding=\"async\" loading=\"eager\" data-no-lazy=\"1\" width=\"1200\" height=\"1200\" src=\"data:image\/gif;base64,R0lGODlhAQABAIAAAAAAAP\/\/\/yH5BAEAAAAALAAAAAABAAEAAAIBRAA7\" data-src=\"https:\/\/moroccogatetours.com\/wp-content\/uploads\/2025\/07\/Moha-2.jpg\" class=\"attachment-full size-full wp-image-3436 lazyload\" alt=\"My name is Moha, I am the owner of the company\" \/><noscript><img decoding=\"async\" loading=\"eager\" data-no-lazy=\"1\" width=\"1200\" height=\"1200\" src=\"https:\/\/moroccogatetours.com\/wp-content\/uploads\/2025\/07\/Moha-2.jpg\" class=\"attachment-full size-full wp-image-3436 lazyload\" alt=\"My name is Moha, I am the owner of the company\" srcset=\"https:\/\/moroccogatetours.com\/wp-content\/uploads\/2025\/07\/Moha-2.jpg 1200w, https:\/\/moroccogatetours.com\/wp-content\/uploads\/2025\/07\/Moha-2-300x300.jpg 300w, https:\/\/moroccogatetours.com\/wp-content\/uploads\/2025\/07\/Moha-2-1024x1024.jpg 1024w, https:\/\/moroccogatetours.com\/wp-content\/uploads\/2025\/07\/Moha-2-150x150.jpg 150w, https:\/\/moroccogatetours.com\/wp-content\/uploads\/2025\/07\/Moha-2-768x768.jpg 768w\" sizes=\"(max-width: 1200px) 100vw, 1200px\" \/><\/noscript><\/div>\r\n\r\n\t\t\t\t\t\r\n\t\t\t\t<\/div>\r\n\r\n\t\t\t\t\r\n\t\t\t<\/div>\r\n\r\n\t\t<\/div>\r\n\r\n\t\t\t\t\t<\/div>\n\t\t\t\t<\/div>\n\t\t\t\t\t<\/div>\n\t\t<\/div>\n\t\t\t\t\t<\/div>\n\t\t<\/section>\n\t\t\t\t<section class=\"elementor-section elementor-top-section elementor-element elementor-element-2002ad9 elementor-section-boxed elementor-section-height-default elementor-section-height-default\" data-id=\"2002ad9\" data-element_type=\"section\" data-e-type=\"section\">\n\t\t\t\t\t\t<div class=\"elementor-container elementor-column-gap-default\">\n\t\t\t\t\t<div class=\"elementor-column elementor-col-50 elementor-top-column elementor-element elementor-element-6b543593\" data-id=\"6b543593\" data-element_type=\"column\" data-e-type=\"column\">\n\t\t\t<div class=\"elementor-widget-wrap elementor-element-populated\">\n\t\t\t\t\t\t<div class=\"elementor-element elementor-element-3a751b02 elementor-widget elementor-widget-cz_image\" data-id=\"3a751b02\" data-element_type=\"widget\" data-e-type=\"widget\" data-widget_type=\"cz_image.default\">\n\t\t\t\t<div class=\"elementor-widget-container\">\n\t\t\t\t\t\r\n\t\t<div class=\"cz_image clr cz_image_no_fx center_on_mobile\" data-position=\"\">\r\n\r\n\t\t\t<div>\r\n\r\n\t\t\t\t<div class=\"cz_image_in\">\r\n\r\n\t\t\t\t\t<div class=\"cz_main_image\"><img loading=\"lazy\" decoding=\"async\" width=\"612\" height=\"407\" src=\"data:image\/gif;base64,R0lGODlhAQABAIAAAAAAAP\/\/\/yH5BAEAAAAALAAAAAABAAEAAAIBRAA7\" data-src=\"https:\/\/moroccogatetours.com\/wp-content\/uploads\/2025\/07\/Moha.jpg\" class=\"attachment-full size-full wp-image-3361 lazyload\" alt=\"Morocco Gate Tours team ready to help you plan your Morocco Desert tour\" loading=\"lazy\" \/><noscript><img loading=\"lazy\" decoding=\"async\" width=\"612\" height=\"407\" src=\"https:\/\/moroccogatetours.com\/wp-content\/uploads\/2025\/07\/Moha.jpg\" class=\"attachment-full size-full wp-image-3361 lazyload\" alt=\"Morocco Gate Tours team ready to help you plan your Morocco Desert tour\" loading=\"lazy\" srcset=\"https:\/\/moroccogatetours.com\/wp-content\/uploads\/2025\/07\/Moha.jpg 612w, https:\/\/moroccogatetours.com\/wp-content\/uploads\/2025\/07\/Moha-300x200.jpg 300w\" sizes=\"auto, (max-width: 612px) 100vw, 612px\" \/><\/noscript><\/div>\r\n\r\n\t\t\t\t\t\r\n\t\t\t\t<\/div>\r\n\r\n\t\t\t\t\r\n\t\t\t<\/div>\r\n\r\n\t\t<\/div>\r\n\r\n\t\t\t\t\t<\/div>\n\t\t\t\t<\/div>\n\t\t\t\t\t<\/div>\n\t\t<\/div>\n\t\t\t\t<div class=\"elementor-column elementor-col-50 elementor-top-column elementor-element elementor-element-255df279\" data-id=\"255df279\" data-element_type=\"column\" data-e-type=\"column\">\n\t\t\t<div class=\"elementor-widget-wrap elementor-element-populated\">\n\t\t\t\t\t\t<div class=\"elementor-element elementor-element-2a8a5848 elementor-widget elementor-widget-cz_title\" data-id=\"2a8a5848\" data-element_type=\"widget\" data-e-type=\"widget\" data-widget_type=\"cz_title.default\">\n\t\t\t\t<div class=\"elementor-widget-container\">\n\t\t\t\t\t\t\r\n\t\t<div>\r\n\t\t\t<div class=\"cz_title clr cz_mobile_text_center cz_title_pos_inline\"><div class=\"cz_title_shape shape_square cz_shape_1\"><\/div><div class=\"cz_title_shape shape_square cz_shape_2\"><\/div><div class=\"cz_title_content\"><div class=\"cz_wpe_content\"><p><strong>NUESTRAS COMPETENCIAS<\/strong><\/p><\/div><\/div><\/div>\r\n\t\t<\/div>\r\n\t\t\r\n\t\t\t\t\t\t<\/div>\n\t\t\t\t<\/div>\n\t\t\t\t<div class=\"elementor-element elementor-element-705b24c elementor-widget elementor-widget-spacer\" data-id=\"705b24c\" data-element_type=\"widget\" data-e-type=\"widget\" data-widget_type=\"spacer.default\">\n\t\t\t\t<div class=\"elementor-widget-container\">\n\t\t\t\t\t\t\t<div class=\"elementor-spacer\">\n\t\t\t<div class=\"elementor-spacer-inner\"><\/div>\n\t\t<\/div>\n\t\t\t\t\t\t<\/div>\n\t\t\t\t<\/div>\n\t\t\t\t<div class=\"elementor-element elementor-element-26c145d0 elementor-widget elementor-widget-cz_title\" data-id=\"26c145d0\" data-element_type=\"widget\" data-e-type=\"widget\" data-widget_type=\"cz_title.default\">\n\t\t\t\t<div class=\"elementor-widget-container\">\n\t\t\t\t\t\t\r\n\t\t<div>\r\n\t\t\t<div class=\"cz_title clr cz_mobile_text_center cz_title_pos_inline\"><div class=\"cz_title_content\"><div class=\"cz_wpe_content\"><p>P\u00f3ngase en contacto con nuestro equipo de atenci\u00f3n al cliente en el n\u00famero de WhatsApp que aparece a continuaci\u00f3n para hablar con uno de nuestros asesores, que le ayudar\u00e1 con todas sus necesidades vacacionales.<\/p><h1><span style=\"font-weight: bold; font-size: 17px;\">Agencia Morocco Gate Tours<\/span><\/h1><\/div><\/div><\/div>\r\n\t\t<\/div>\r\n\t\t\r\n\t\t\t\t\t\t<\/div>\n\t\t\t\t<\/div>\n\t\t\t\t<section class=\"elementor-section elementor-inner-section elementor-element elementor-element-65c53c6a elementor-section-boxed elementor-section-height-default elementor-section-height-default\" data-id=\"65c53c6a\" data-element_type=\"section\" data-e-type=\"section\">\n\t\t\t\t\t\t<div class=\"elementor-container elementor-column-gap-default\">\n\t\t\t\t\t<div class=\"elementor-column elementor-col-100 elementor-inner-column elementor-element elementor-element-1b459d16\" data-id=\"1b459d16\" data-element_type=\"column\" data-e-type=\"column\">\n\t\t\t<div class=\"elementor-widget-wrap elementor-element-populated\">\n\t\t\t\t\t\t<div class=\"elementor-element elementor-element-5d2560b9 elementor-widget elementor-widget-cz_progress_bar\" data-id=\"5d2560b9\" data-element_type=\"widget\" data-e-type=\"widget\" data-widget_type=\"cz_progress_bar.default\">\n\t\t\t\t<div class=\"elementor-widget-container\">\n\t\t\t\t\t\t\t<div class=\"progress_bar pbar2\">\r\n\t\t\t<span><b>92<\/b><\/span>\r\n\t\t\t<p>Servicio de hotel<\/p>\r\n\t\t\t\t\t<\/div>\r\n\t\t\t\t\t\t<\/div>\n\t\t\t\t<\/div>\n\t\t\t\t<div class=\"elementor-element elementor-element-7f92f964 elementor-widget elementor-widget-cz_progress_bar\" data-id=\"7f92f964\" data-element_type=\"widget\" data-e-type=\"widget\" data-widget_type=\"cz_progress_bar.default\">\n\t\t\t\t<div class=\"elementor-widget-container\">\n\t\t\t\t\t\t\t<div class=\"progress_bar pbar2\">\r\n\t\t\t<span><b>97<\/b><\/span>\r\n\t\t\t<p>Satisfacci\u00f3n de los clientes<\/p>\r\n\t\t\t\t\t<\/div>\r\n\t\t\t\t\t\t<\/div>\n\t\t\t\t<\/div>\n\t\t\t\t<div class=\"elementor-element elementor-element-60120cdf elementor-widget elementor-widget-cz_progress_bar\" data-id=\"60120cdf\" data-element_type=\"widget\" data-e-type=\"widget\" data-widget_type=\"cz_progress_bar.default\">\n\t\t\t\t<div class=\"elementor-widget-container\">\n\t\t\t\t\t\t\t<div class=\"progress_bar pbar2\">\r\n\t\t\t<span><b>89<\/b><\/span>\r\n\t\t\t<p>Conocimientos de los gu\u00edas tur\u00edsticos<\/p>\r\n\t\t\t\t\t<\/div>\r\n\t\t\t\t\t\t<\/div>\n\t\t\t\t<\/div>\n\t\t\t\t<div class=\"elementor-element elementor-element-5b48dfed elementor-widget elementor-widget-cz_progress_bar\" data-id=\"5b48dfed\" data-element_type=\"widget\" data-e-type=\"widget\" data-widget_type=\"cz_progress_bar.default\">\n\t\t\t\t<div class=\"elementor-widget-container\">\n\t\t\t\t\t\t\t<div class=\"progress_bar pbar2\">\r\n\t\t\t<span><b>99<\/b><\/span>\r\n\t\t\t<p>Atenci\u00f3n al cliente<\/p>\r\n\t\t\t\t\t<\/div>\r\n\t\t\t\t\t\t<\/div>\n\t\t\t\t<\/div>\n\t\t\t\t\t<\/div>\n\t\t<\/div>\n\t\t\t\t\t<\/div>\n\t\t<\/section>\n\t\t\t\t\t<\/div>\n\t\t<\/div>\n\t\t\t\t\t<\/div>\n\t\t<\/section>\n\t\t\t\t<\/div>\n\t\t","protected":false},"excerpt":{"rendered":"<p>Agencia Morocco Gate Tours \u00a0 Soy bereber, nac\u00ed en el desierto, donde durante generaciones mi familia y muchas otras vivieron como n\u00f3madas, desplaz\u00e1ndose con sus animales y viviendo en tiendas bajo las estrellas. Esta forma de vida nos ense\u00f1\u00f3 a respetar la naturaleza, a vivir con poco y a valorar la libertad del desierto. Pero [&hellip;]<\/p>\n","protected":false},"author":1,"featured_media":0,"parent":0,"menu_order":0,"comment_status":"closed","ping_status":"closed","template":"elementor_header_footer","meta":{"_joinchat":[],"footnotes":""},"class_list":["post-5037","page","type-page","status-publish","hentry"],"_links":{"self":[{"href":"https:\/\/moroccogatetours.com\/es\/wp-json\/wp\/v2\/pages\/5037","targetHints":{"allow":["GET"]}}],"collection":[{"href":"https:\/\/moroccogatetours.com\/es\/wp-json\/wp\/v2\/pages"}],"about":[{"href":"https:\/\/moroccogatetours.com\/es\/wp-json\/wp\/v2\/types\/page"}],"author":[{"embeddable":true,"href":"https:\/\/moroccogatetours.com\/es\/wp-json\/wp\/v2\/users\/1"}],"replies":[{"embeddable":true,"href":"https:\/\/moroccogatetours.com\/es\/wp-json\/wp\/v2\/comments?post=5037"}],"version-history":[{"count":1,"href":"https:\/\/moroccogatetours.com\/es\/wp-json\/wp\/v2\/pages\/5037\/revisions"}],"predecessor-version":[{"id":8009,"href":"https:\/\/moroccogatetours.com\/es\/wp-json\/wp\/v2\/pages\/5037\/revisions\/8009"}],"wp:attachment":[{"href":"https:\/\/moroccogatetours.com\/es\/wp-json\/wp\/v2\/media?parent=5037"}],"curies":[{"name":"wp","href":"https:\/\/api.w.org\/{rel}","templated":true}]}}